{"id":7609,"date":"2023-10-25T15:55:39","date_gmt":"2023-10-25T13:55:39","guid":{"rendered":"https:\/\/wordpress.vecurosoft.com\/travolo\/?page_id=22"},"modified":"2025-02-20T07:55:15","modified_gmt":"2025-02-20T07:55:15","slug":"sobre","status":"publish","type":"page","link":"https:\/\/travelutions.pt\/hu\/sobre\/","title":{"rendered":"R\u00f3lunk"},"content":{"rendered":"<div data-elementor-type=\"wp-page\" data-elementor-id=\"7609\" class=\"elementor elementor-7609\">\n\t\t\t\t<div class=\"elementor-element elementor-element-82704c3 e-con-full e-flex e-con e-parent\" data-id=\"82704c3\" data-element_type=\"container\" data-e-type=\"container\" data-settings=\"{&quot;background_background&quot;:&quot;classic&quot;}\">\n\t\t<div class=\"elementor-element elementor-element-7cf10c2 e-flex e-con-boxed e-con e-child\" data-id=\"7cf10c2\" data-element_type=\"container\" data-e-type=\"container\">\n\t\t\t\t\t<div class=\"e-con-inner\">\n\t\t<div class=\"elementor-element elementor-element-36ffd30 e-con-full e-flex e-con e-child\" data-id=\"36ffd30\" data-element_type=\"container\" data-e-type=\"container\">\n\t\t\t\t<div class=\"elementor-element elementor-element-2cba938 elementor-widget elementor-widget-travoloimagebox\" data-id=\"2cba938\" data-element_type=\"widget\" data-e-type=\"widget\" data-widget_type=\"travoloimagebox.default\">\n\t\t\t\t<div class=\"elementor-widget-container\">\n\t\t\t\t\t        <div class=\"image-box1\">\n            <img decoding=\"async\" src=\"https:\/\/wordpress.vecurosoft.com\/travolo\/wp-content\/uploads\/2023\/11\/img-2-1.jpg\" alt=\"about image\"  class=\"img1\" \/>                <img decoding=\"async\" src=\"https:\/\/travelutions.pt\/wp-content\/uploads\/2024\/11\/3-1.jpg\" alt=\"about image\"  class=\"img2\" \/>        <div class=\"media-box1\">\n                    <span class=\"media-info\">\n                150            <\/span>\n        \n                    <p class=\"media-text\">\n                El\u00e9rhet\u0151 orsz\u00e1g            <\/p>\n            <\/div>\n    <div class=\"media-box2\">\n                    <span class=\"media-info\">\n                72            <\/span>\n        \n                    <p class=\"media-text\">\n                Nyelvi t\u00e1mogat\u00e1s            <\/p>\n            <\/div>\n<\/div>\t\t\t\t\t<\/div>\n\t\t\t\t<\/div>\n\t\t\t\t<\/div>\n\t\t<div class=\"elementor-element elementor-element-fda26aa e-con-full e-flex e-con e-child\" data-id=\"fda26aa\" data-element_type=\"container\" data-e-type=\"container\">\n\t\t\t\t<div class=\"elementor-element elementor-element-81f4fc0 elementor-widget__width-initial elementor-widget elementor-widget-travolosectiontitle\" data-id=\"81f4fc0\" data-element_type=\"widget\" data-e-type=\"widget\" data-widget_type=\"travolosectiontitle.default\">\n\t\t\t\t<div class=\"elementor-widget-container\">\n\t\t\t\t\t<!-- Section Title --><div class=\"title-area\" ><span class=\"sec-subtitle\">az \u00d6n megb\u00edzhat\u00f3 utaz\u00e1si irod\u00e1ja!<\/span><h1 class=\"sec-title title-selector\">Fedezze fel a vil\u00e1got a Travelutions-al<\/h1><\/div><!-- End Section Title -->\t\t\t\t<\/div>\n\t\t\t\t<\/div>\n\t\t\t\t<div class=\"elementor-element elementor-element-b27fd01 elementor-widget elementor-widget-text-editor\" data-id=\"b27fd01\" data-element_type=\"widget\" data-e-type=\"widget\" data-widget_type=\"text-editor.default\">\n\t\t\t\t<div class=\"elementor-widget-container\">\n\t\t\t\t\t\t\t\t\t<p>Kalandot, kikapcsol\u00f3d\u00e1st vagy kultur\u00e1lis felfedez\u00e9seket keres? \u00dcdv\u00f6z\u00f6lj\u00fck a Travelutionsn\u00e1l, ahol az \u00e1lmokat hihetetlen \u00fati c\u00e9lokk\u00e1 v\u00e1ltoztatjuk. Kalandv\u00e1gy\u00f3, \u00e9s szakavatott csapatunkkal az\u00e9rt vagyunk itt, hogy a k\u00f6vetkez\u0151 utaz\u00e1s\u00e1t felejthetetlen \u00e9lm\u00e9nny\u00e9 tegy\u00fck.<\/p><p>Fedezze fel a t\u00f6rt\u00e9nelmi v\u00e1rosok var\u00e1zs\u00e1t, mer\u00fclj\u00f6n el a gy\u00f6ny\u00f6r\u0171 strandok krist\u00e1lytiszta viz\u00e9ben, vagy vesz\u00edtse el mag\u00e1t a l\u00e9legzetel\u00e1ll\u00edt\u00f3 term\u00e9szeti t\u00e1jakban. Utaz\u00e1si csomagok sz\u00e9les v\u00e1laszt\u00e9k\u00e1t k\u00edn\u00e1ljuk \u00d6nnek, ak\u00e1r szabadid\u0151s, ak\u00e1r v\u00e1llalati c\u00e9llal, gondosan megtervezve, hogy az minden \u00edzl\u00e9snek \u00e9s v\u00e1gynak megfeleljen.<\/p>\t\t\t\t\t\t\t\t<\/div>\n\t\t\t\t<\/div>\n\t\t\t\t<div class=\"elementor-element elementor-element-dfc9b06 elementor-widget elementor-widget-travolobutton\" data-id=\"dfc9b06\" data-element_type=\"widget\" data-e-type=\"widget\" data-widget_type=\"travolobutton.default\">\n\t\t\t\t<div class=\"elementor-widget-container\">\n\t\t\t\t\t<!-- Button --><div class=\"btn-wrapper\"><a class=\"vs-btn style7\" href=\"https:\/\/travelutions.pt\/hu\/contact\/\">Kapcsolat<\/a><\/div><!-- End Button -->\t\t\t\t<\/div>\n\t\t\t\t<\/div>\n\t\t\t\t<\/div>\n\t\t\t\t\t<\/div>\n\t\t\t\t<\/div>\n\t\t\t\t<\/div>\n\t\t<div class=\"elementor-element elementor-element-1497ce6 position-relative e-con-full e-flex e-con e-parent\" data-id=\"1497ce6\" data-element_type=\"container\" data-e-type=\"container\" data-settings=\"{&quot;background_background&quot;:&quot;classic&quot;}\">\n\t\t\t\t<div class=\"elementor-element elementor-element-567029c elementor-widget elementor-widget-travolocta\" data-id=\"567029c\" data-element_type=\"widget\" data-e-type=\"widget\" data-widget_type=\"travolocta.default\">\n\t\t\t\t<div class=\"elementor-widget-container\">\n\t\t\t\t\t\t\t\t<section class=\"space space-extra-bottom position-relative background-image\" style=\"background-image: url();\">\n    <div class=\"container\">\n        <div class=\"row align-items-center justify-content-between\">\n            <div class=\"col-xxl-5 col-xl-5 col-lg-6 col-md-6\">\n                <div class=\"title-area white-title\">\n                    <span class=\"sec-subtitle\">Go &amp; Discover<\/span>\n\n                    \t\n                        <h2 class=\"sec-title h1\">\n                            Ne hagyja  \u00e1lmai utaz\u00e1s\u00e1t v\u00e1rakozni.                         <\/h2>\n                    \n                    \t\t\n                        <p class=\"sec-text\">\n                            Vegye fel vel\u00fcnk a kapcsolatot, \u00e9s engedje meg, hogy megtervezz\u00fck \u00d6nnek! Egy\u00fctt olyan eml\u00e9keket teremt\u00fcnk, amelyek \u00f6r\u00f6kre megmaradnak. Induljon vel\u00fcnk a kalandra, \u00e9s fedezze fel a vil\u00e1got, \u00fagy mint m\u00e9g soha!                        <\/p>\n                    \n                    <a class=\"vs-btn style2\" href=\"https:\/\/travelutions.pt\/hu\/contact\/\">\n                        Tervezze meg utaz\u00e1s\u00e1t                    <\/a>\n                <\/div>\n            <\/div>\n\n            <div class=\"col-xxl-5 col-xl-5 col-lg-6 col-md-6\">\n                <div class=\"img-box1\">\n                    \n                                            <div class=\"img-1-2 d-none d-xxl-block\">\n                            <img decoding=\"async\" src=\"https:\/\/wordpress.vecurosoft.com\/travolo\/wp-content\/uploads\/2023\/11\/bag.png\" alt=\"bag\"  \/>                        <\/div>\n                                    <\/div>\n            <\/div>\n        <\/div>\n    <\/div>\n<\/section>        \t\t\t\t<\/div>\n\t\t\t\t<\/div>\n\t\t\t\t<\/div>\n\t\t<div class=\"elementor-element elementor-element-665093e e-con-full e-flex e-con e-parent\" data-id=\"665093e\" data-element_type=\"container\" data-e-type=\"container\">\n\t\t<div class=\"elementor-element elementor-element-a7db1d4 e-flex e-con-boxed e-con e-child\" data-id=\"a7db1d4\" data-element_type=\"container\" data-e-type=\"container\" data-settings=\"{&quot;background_background&quot;:&quot;gradient&quot;}\">\n\t\t\t\t\t<div class=\"e-con-inner\">\n\t\t<div class=\"elementor-element elementor-element-737c476 e-con-full e-flex e-con e-child\" data-id=\"737c476\" data-element_type=\"container\" data-e-type=\"container\">\n\t\t<div class=\"elementor-element elementor-element-0c6995b e-con-full e-flex e-con e-child\" data-id=\"0c6995b\" data-element_type=\"container\" data-e-type=\"container\">\n\t\t\t\t<div class=\"elementor-element elementor-element-18e9f0c elementor-widget elementor-widget-travoloimagebox\" data-id=\"18e9f0c\" data-element_type=\"widget\" data-e-type=\"widget\" data-widget_type=\"travoloimagebox.default\">\n\t\t\t\t<div class=\"elementor-widget-container\">\n\t\t\t\t\t        <div class=\"img-box5\"><div class=\"img-box__img1\"><img decoding=\"async\" src=\"https:\/\/travelutions.pt\/wp-content\/uploads\/2024\/11\/gallery_2_2.jpg\" alt=\"gallery_2_2\"  class=\"img1\" \/><img decoding=\"async\" src=\"https:\/\/travelutions.pt\/wp-content\/uploads\/2024\/11\/gallery_2_5.jpg\" alt=\"gallery_2_5\"  class=\"img2\" \/><\/div><div class=\"img-box__img2\"><img decoding=\"async\" src=\"https:\/\/travelutions.pt\/wp-content\/uploads\/2023\/11\/2-1.jpg\" alt=\"2 1\"  class=\"img3\" \/><\/div><div class=\"vs-card style2\"><div class=\"vs-card__icon background-image\" data-bg-src=\"https:\/\/wordpress.vecurosoft.com\/travolo\/wp-content\/uploads\/2024\/04\/card-bg-1.svg\"><img decoding=\"async\" src=\"https:\/\/wordpress.vecurosoft.com\/travolo\/wp-content\/uploads\/2024\/04\/phone-icon-2.svg\" alt=\"phone icon 2\"  \/><\/div><p>H\u00edvjon minket b\u00e1rmikor<\/p><p><a href=\"tel:+351 217 655 110\">+351 217 655 110<\/a><\/p><p><a href=\"tel:+351 911 139 321\">+351 911 139\u00a0321<\/a><\/p><p><a href=\"tel:+351 911 139 322\">+351 911 139\u00a0322<\/a><\/p><\/div><\/div>\t\t\t\t\t<\/div>\n\t\t\t\t<\/div>\n\t\t\t\t<\/div>\n\t\t<div class=\"elementor-element elementor-element-aa45677 e-con-full e-flex e-con e-child\" data-id=\"aa45677\" data-element_type=\"container\" data-e-type=\"container\">\n\t\t\t\t<div class=\"elementor-element elementor-element-9918c45 elementor-widget elementor-widget-travolosectiontitle\" data-id=\"9918c45\" data-element_type=\"widget\" data-e-type=\"widget\" data-widget_type=\"travolosectiontitle.default\">\n\t\t\t\t<div class=\"elementor-widget-container\">\n\t\t\t\t\t<!-- Section Title --><div class=\"title-area\" ><span class=\"sec-subtitle\">Alapvet\u0151 \u00e9rt\u00e9keink<\/span><h2 class=\"sec-title title-selector\">K\u00fcldet\u00e9s \u00e9s v\u00edzi\u00f3<\/h2><\/div><!-- End Section Title -->\t\t\t\t<\/div>\n\t\t\t\t<\/div>\n\t\t<div class=\"elementor-element elementor-element-ec101aa e-con-full e-flex e-con e-child\" data-id=\"ec101aa\" data-element_type=\"container\" data-e-type=\"container\">\n\t\t\t\t<div class=\"elementor-element elementor-element-ab7853e elementor-widget elementor-widget-image\" data-id=\"ab7853e\" data-element_type=\"widget\" data-e-type=\"widget\" data-widget_type=\"image.default\">\n\t\t\t\t<div class=\"elementor-widget-container\">\n\t\t\t\t\t\t\t\t\t\t\t\t\t\t\t<img decoding=\"async\" width=\"73\" height=\"73\" src=\"https:\/\/travelutions.pt\/wp-content\/uploads\/2024\/11\/2-3.png\" class=\"attachment-full size-full wp-image-7934\" alt=\"\" srcset=\"https:\/\/travelutions.pt\/wp-content\/uploads\/2024\/11\/2-3.png 73w, https:\/\/travelutions.pt\/wp-content\/uploads\/2024\/11\/2-3-12x12.png 12w\" sizes=\"(max-width: 73px) 100vw, 73px\" \/>\t\t\t\t\t\t\t\t\t\t\t\t\t\t\t<\/div>\n\t\t\t\t<\/div>\n\t\t\t\t<div class=\"elementor-element elementor-element-7ece3a7 elementor-widget__width-initial elementor-widget-tablet__width-inherit elementor-widget elementor-widget-travolosectiontitle\" data-id=\"7ece3a7\" data-element_type=\"widget\" data-e-type=\"widget\" data-widget_type=\"travolosectiontitle.default\">\n\t\t\t\t<div class=\"elementor-widget-container\">\n\t\t\t\t\t<!-- Section Title --><div class=\"title-area\" ><span class=\"sec-subtitle\">K\u00fcldet\u00e9s<\/span><p class=\"sec-text\">K\u00fcldet\u00e9s\u00fcnk, hogy t\u00falteljes\u00edts\u00fck az \u00d6n elv\u00e1r\u00e1sait, maxim\u00e1lis k\u00e9nyelmet biztos\u00edtva. Az \u00fati c\u00e9l kiv\u00e1laszt\u00e1s\u00e1t\u00f3l, a tart\u00f3zkod\u00e1s r\u00e9szleteiig mindent elint\u00e9z\u00fcnk, hogy \u00d6n pihenhessen, \u00e9s a lehet\u0151 legt\u00f6bbet hozhassa ki utaz\u00e1s\u00e1b\u00f3l.<\/p><\/div><!-- End Section Title -->\t\t\t\t<\/div>\n\t\t\t\t<\/div>\n\t\t\t\t<\/div>\n\t\t<div class=\"elementor-element elementor-element-ff4ec49 e-con-full e-flex e-con e-child\" data-id=\"ff4ec49\" data-element_type=\"container\" data-e-type=\"container\">\n\t\t\t\t<div class=\"elementor-element elementor-element-0f09827 elementor-widget elementor-widget-image\" data-id=\"0f09827\" data-element_type=\"widget\" data-e-type=\"widget\" data-widget_type=\"image.default\">\n\t\t\t\t<div class=\"elementor-widget-container\">\n\t\t\t\t\t\t\t\t\t\t\t\t\t\t\t<img decoding=\"async\" width=\"73\" height=\"73\" src=\"https:\/\/travelutions.pt\/wp-content\/uploads\/2024\/11\/3-3.png\" class=\"attachment-full size-full wp-image-7935\" alt=\"\" srcset=\"https:\/\/travelutions.pt\/wp-content\/uploads\/2024\/11\/3-3.png 73w, https:\/\/travelutions.pt\/wp-content\/uploads\/2024\/11\/3-3-12x12.png 12w\" sizes=\"(max-width: 73px) 100vw, 73px\" \/>\t\t\t\t\t\t\t\t\t\t\t\t\t\t\t<\/div>\n\t\t\t\t<\/div>\n\t\t\t\t<div class=\"elementor-element elementor-element-296349b elementor-widget__width-initial elementor-widget-tablet__width-inherit elementor-widget elementor-widget-travolosectiontitle\" data-id=\"296349b\" data-element_type=\"widget\" data-e-type=\"widget\" data-widget_type=\"travolosectiontitle.default\">\n\t\t\t\t<div class=\"elementor-widget-container\">\n\t\t\t\t\t<!-- Section Title --><div class=\"title-area\" ><span class=\"sec-subtitle\">J\u00f6v\u0151k\u00e9p<\/span><p class=\"sec-text\">A Travelutionsn\u00e1l az a v\u00edzi\u00f3nk, hogy mi legy\u00fcnk a legmegfelel\u0151bb utaz\u00e1si iroda, a jelent\u0151s\u00e9gteljes \u00e9s rendk\u00edv\u00fcli utaz\u00e1sok l\u00e9trehoz\u00e1s\u00e1hoz. C\u00e9lunk, hogy az embereket arra \u00f6szt\u00f6n\u00f6zz\u00fck, hogy k\u00edv\u00e1ncsis\u00e1ggal \u00e9s bizalommal fedezz\u00e9k fel a vil\u00e1got, el\u0151seg\u00edtve a kult\u00far\u00e1k k\u00f6z\u00f6tti kapcsolatokat, mik\u00f6zben p\u00e1ratlan szolg\u00e1ltat\u00e1st \u00e9s felejthetetlen \u00e9lm\u00e9nyeket ny\u00fajtunk.<\/p><\/div><!-- End Section Title -->\t\t\t\t<\/div>\n\t\t\t\t<\/div>\n\t\t\t\t<\/div>\n\t\t\t\t<div class=\"elementor-element elementor-element-e0c4bb0 elementor-widget elementor-widget-travolobutton\" data-id=\"e0c4bb0\" data-element_type=\"widget\" data-e-type=\"widget\" data-widget_type=\"travolobutton.default\">\n\t\t\t\t<div class=\"elementor-widget-container\">\n\t\t\t\t\t<!-- Button --><div class=\"btn-wrapper\"><a class=\"vs-btn style4\" href=\"https:\/\/travelutions.pt\/hu\/gallery\/\">Fedezze fel gal\u00e9ri\u00e1nkat<\/a><\/div><!-- End Button -->\t\t\t\t<\/div>\n\t\t\t\t<\/div>\n\t\t\t\t<\/div>\n\t\t\t\t<\/div>\n\t\t\t\t\t<\/div>\n\t\t\t\t<\/div>\n\t\t\t\t<\/div>\n\t\t<div class=\"elementor-element elementor-element-8819caf elementor-hidden-tablet elementor-hidden-mobile e-flex e-con-boxed e-con e-parent\" data-id=\"8819caf\" data-element_type=\"container\" data-e-type=\"container\">\n\t\t\t\t\t<div class=\"e-con-inner\">\n\t\t\t\t\t<\/div>\n\t\t\t\t<\/div>\n\t\t\t\t<\/div>","protected":false},"excerpt":{"rendered":"<p>150 Pa\u00edses Alcan\u00e7ados 72 Idiomas de Suporte A sua ag\u00eancia de viagens de confian\u00e7a! Descubra o mundo com a Travelutions \u00c0 procura de aventura, relaxamento ou descobertas culturais? Bem-vindo \u00e0 Travelutions, onde transformamos sonhos em destinos incr\u00edveis. Com uma equipa apaixonada e especializada, estamos aqui para fazer da sua pr\u00f3xima viagem uma experi\u00eancia inesquec\u00edvel. Explore&#8230;<\/p>","protected":false},"author":1,"featured_media":0,"parent":0,"menu_order":0,"comment_status":"closed","ping_status":"closed","template":"elementor_header_footer","meta":{"footnotes":""},"class_list":["post-7609","page","type-page","status-publish","hentry"],"_links":{"self":[{"href":"https:\/\/travelutions.pt\/hu\/wp-json\/wp\/v2\/pages\/7609","targetHints":{"allow":["GET"]}}],"collection":[{"href":"https:\/\/travelutions.pt\/hu\/wp-json\/wp\/v2\/pages"}],"about":[{"href":"https:\/\/travelutions.pt\/hu\/wp-json\/wp\/v2\/types\/page"}],"author":[{"embeddable":true,"href":"https:\/\/travelutions.pt\/hu\/wp-json\/wp\/v2\/users\/1"}],"replies":[{"embeddable":true,"href":"https:\/\/travelutions.pt\/hu\/wp-json\/wp\/v2\/comments?post=7609"}],"version-history":[{"count":17,"href":"https:\/\/travelutions.pt\/hu\/wp-json\/wp\/v2\/pages\/7609\/revisions"}],"predecessor-version":[{"id":8051,"href":"https:\/\/travelutions.pt\/hu\/wp-json\/wp\/v2\/pages\/7609\/revisions\/8051"}],"wp:attachment":[{"href":"https:\/\/travelutions.pt\/hu\/wp-json\/wp\/v2\/media?parent=7609"}],"curies":[{"name":"wp","href":"https:\/\/api.w.org\/{rel}","templated":true}]}}